{"id":1584,"date":"2026-02-20T10:56:25","date_gmt":"2026-02-20T10:56:25","guid":{"rendered":"https:\/\/fuslesecurity.ro\/?page_id=1584"},"modified":"2026-02-24T13:04:32","modified_gmt":"2026-02-24T13:04:32","slug":"despre-noi","status":"publish","type":"page","link":"https:\/\/fuslesecurity.ro\/en\/despre-noi\/","title":{"rendered":"Despre noi"},"content":{"rendered":"<div data-elementor-type=\"wp-page\" data-elementor-id=\"1584\" class=\"elementor elementor-1584\">\n\t\t\t\t\t\t<section class=\"elementor-section elementor-top-section elementor-element elementor-element-9a93703 elementor-section-boxed elementor-section-height-default elementor-section-height-default\" data-id=\"9a93703\" data-element_type=\"section\">\n\t\t\t\t\t\t<div class=\"elementor-container elementor-column-gap-default\">\n\t\t\t\t\t<div class=\"elementor-column elementor-col-100 elementor-top-column elementor-element elementor-element-7bf3e47\" data-id=\"7bf3e47\" data-element_type=\"column\">\n\t\t\t<div class=\"elementor-widget-wrap\">\n\t\t\t\t\t\t\t<\/div>\n\t\t<\/div>\n\t\t\t\t\t<\/div>\n\t\t<\/section>\n\t\t\t\t<section class=\"elementor-section elementor-top-section elementor-element elementor-element-93cb469 elementor-section-boxed elementor-section-height-default elementor-section-height-default\" data-id=\"93cb469\" data-element_type=\"section\">\n\t\t\t\t\t\t<div class=\"elementor-container elementor-column-gap-default\">\n\t\t\t\t\t<div class=\"elementor-column elementor-col-100 elementor-top-column elementor-element elementor-element-fc88d6b\" data-id=\"fc88d6b\" data-element_type=\"column\">\n\t\t\t<div class=\"elementor-widget-wrap elementor-element-populated\">\n\t\t\t\t\t\t<section class=\"elementor-section elementor-inner-section elementor-element elementor-element-99a7967 elementor-section-boxed elementor-section-height-default elementor-section-height-default\" data-id=\"99a7967\" data-element_type=\"section\">\n\t\t\t\t\t\t<div class=\"elementor-container elementor-column-gap-default\">\n\t\t\t\t\t<div class=\"elementor-column elementor-col-50 elementor-inner-column elementor-element elementor-element-0a236eb\" data-id=\"0a236eb\" data-element_type=\"column\">\n\t\t\t<div class=\"elementor-widget-wrap\">\n\t\t\t\t\t\t\t<\/div>\n\t\t<\/div>\n\t\t\t\t<div class=\"elementor-column elementor-col-50 elementor-inner-column elementor-element elementor-element-cff7a54\" data-id=\"cff7a54\" data-element_type=\"column\">\n\t\t\t<div class=\"elementor-widget-wrap\">\n\t\t\t\t\t\t\t<\/div>\n\t\t<\/div>\n\t\t\t\t\t<\/div>\n\t\t<\/section>\n\t\t\t\t\t<\/div>\n\t\t<\/div>\n\t\t\t\t\t<\/div>\n\t\t<\/section>\n\t\t\t\t<section class=\"elementor-section elementor-top-section elementor-element elementor-element-1b5a761 elementor-section-boxed elementor-section-height-default elementor-section-height-default\" data-id=\"1b5a761\" data-element_type=\"section\">\n\t\t\t\t\t\t<div class=\"elementor-container elementor-column-gap-default\">\n\t\t\t\t\t<div class=\"elementor-column elementor-col-50 elementor-top-column elementor-element elementor-element-2d2ff13\" data-id=\"2d2ff13\" data-element_type=\"column\">\n\t\t\t<div class=\"elementor-widget-wrap elementor-element-populated\">\n\t\t\t\t\t\t<div class=\"elementor-element elementor-element-09b8ea6 elementor-widget elementor-widget-image\" data-id=\"09b8ea6\" data-element_type=\"widget\" data-widget_type=\"image.default\">\n\t\t\t\t<div class=\"elementor-widget-container\">\n\t\t\t<style>\/*! elementor - v3.21.0 - 15-04-2024 *\/\n.elementor-widget-image{text-align:center}.elementor-widget-image a{display:inline-block}.elementor-widget-image a img[src$=\".svg\"]{width:48px}.elementor-widget-image img{vertical-align:middle;display:inline-block}<\/style>\t\t\t\t\t\t\t\t\t\t<img fetchpriority=\"high\" decoding=\"async\" width=\"683\" height=\"1024\" src=\"https:\/\/fuslesecurity.ro\/wp-content\/uploads\/2026\/02\/DR6_7695-683x1024.jpg\" class=\"attachment-large size-large wp-image-1608\" alt=\"\" srcset=\"https:\/\/fuslesecurity.ro\/wp-content\/uploads\/2026\/02\/DR6_7695-683x1024.jpg 683w, https:\/\/fuslesecurity.ro\/wp-content\/uploads\/2026\/02\/DR6_7695-200x300.jpg 200w, https:\/\/fuslesecurity.ro\/wp-content\/uploads\/2026\/02\/DR6_7695-768x1152.jpg 768w, https:\/\/fuslesecurity.ro\/wp-content\/uploads\/2026\/02\/DR6_7695-1024x1536.jpg 1024w, https:\/\/fuslesecurity.ro\/wp-content\/uploads\/2026\/02\/DR6_7695-1365x2048.jpg 1365w, https:\/\/fuslesecurity.ro\/wp-content\/uploads\/2026\/02\/DR6_7695-8x12.jpg 8w, https:\/\/fuslesecurity.ro\/wp-content\/uploads\/2026\/02\/DR6_7695-600x900.jpg 600w, https:\/\/fuslesecurity.ro\/wp-content\/uploads\/2026\/02\/DR6_7695-scaled.jpg 1707w\" sizes=\"(max-width: 683px) 100vw, 683px\" \/>\t\t\t\t\t\t\t\t\t\t\t\t\t<\/div>\n\t\t\t\t<\/div>\n\t\t\t\t\t<\/div>\n\t\t<\/div>\n\t\t\t\t<div class=\"elementor-column elementor-col-50 elementor-top-column elementor-element elementor-element-8e45c9e\" data-id=\"8e45c9e\" data-element_type=\"column\">\n\t\t\t<div class=\"elementor-widget-wrap elementor-element-populated\">\n\t\t\t\t\t\t<div class=\"elementor-element elementor-element-60a7598 elementor-widget elementor-widget-spacer\" data-id=\"60a7598\" data-element_type=\"widget\" data-widget_type=\"spacer.default\">\n\t\t\t\t<div class=\"elementor-widget-container\">\n\t\t\t<style>\/*! elementor - v3.21.0 - 15-04-2024 *\/\n.elementor-column .elementor-spacer-inner{height:var(--spacer-size)}.e-con{--container-widget-width:100%}.e-con-inner>.elementor-widget-spacer,.e-con>.elementor-widget-spacer{width:var(--container-widget-width,var(--spacer-size));--align-self:var(--container-widget-align-self,initial);--flex-shrink:0}.e-con-inner>.elementor-widget-spacer>.elementor-widget-container,.e-con>.elementor-widget-spacer>.elementor-widget-container{height:100%;width:100%}.e-con-inner>.elementor-widget-spacer>.elementor-widget-container>.elementor-spacer,.e-con>.elementor-widget-spacer>.elementor-widget-container>.elementor-spacer{height:100%}.e-con-inner>.elementor-widget-spacer>.elementor-widget-container>.elementor-spacer>.elementor-spacer-inner,.e-con>.elementor-widget-spacer>.elementor-widget-container>.elementor-spacer>.elementor-spacer-inner{height:var(--container-widget-height,var(--spacer-size))}.e-con-inner>.elementor-widget-spacer.elementor-widget-empty,.e-con>.elementor-widget-spacer.elementor-widget-empty{position:relative;min-height:22px;min-width:22px}.e-con-inner>.elementor-widget-spacer.elementor-widget-empty .elementor-widget-empty-icon,.e-con>.elementor-widget-spacer.elementor-widget-empty .elementor-widget-empty-icon{position:absolute;top:0;bottom:0;left:0;right:0;margin:auto;padding:0;width:22px;height:22px}<\/style>\t\t<div class=\"elementor-spacer\">\n\t\t\t<div class=\"elementor-spacer-inner\"><\/div>\n\t\t<\/div>\n\t\t\t\t<\/div>\n\t\t\t\t<\/div>\n\t\t\t\t<div class=\"elementor-element elementor-element-71300ed elementor-widget elementor-widget-text-editor\" data-id=\"71300ed\" data-element_type=\"widget\" data-widget_type=\"text-editor.default\">\n\t\t\t\t<div class=\"elementor-widget-container\">\n\t\t\t<style>\/*! elementor - v3.21.0 - 15-04-2024 *\/\n.elementor-widget-text-editor.elementor-drop-cap-view-stacked .elementor-drop-cap{background-color:#69727d;color:#fff}.elementor-widget-text-editor.elementor-drop-cap-view-framed .elementor-drop-cap{color:#69727d;border:3px solid;background-color:transparent}.elementor-widget-text-editor:not(.elementor-drop-cap-view-default) .elementor-drop-cap{margin-top:8px}.elementor-widget-text-editor:not(.elementor-drop-cap-view-default) .elementor-drop-cap-letter{width:1em;height:1em}.elementor-widget-text-editor .elementor-drop-cap{float:left;text-align:center;line-height:1;font-size:50px}.elementor-widget-text-editor .elementor-drop-cap-letter{display:inline-block}<\/style>\t\t\t\t<h1>Fu\u0219le Florin &#8211; Director General<\/h1><div><div>\u00cenc\u0103 din copil\u0103rie am crescut cu viziunea companiei \u0219i cu no\u021biunea profund\u0103 a responsabilit\u0103\u021bii fa\u021b\u0103 de securitate. Tat\u0103l meu a \u00eenfiin\u021bat compania \u00een anul 1993, iar acest mediu m-a format \u0219i m-a \u00eenv\u0103\u021bat ce \u00eenseamn\u0103 seriozitatea, disciplina \u0219i grija fa\u021b\u0103 de oameni \u0219i bunurile lor. Astfel, am acumulat o experien\u021b\u0103 vast\u0103 \u00een domeniul securit\u0103\u021bii.<\/div><div>\u00a0<\/div><div>Activez \u00een cadrul companiei de la v\u00e2rsta de 18 ani, am 20 de ani de experien\u021b\u0103 dedicat\u0103 exclusiv dezvolt\u0103rii \u0219i perfec\u021bion\u0103rii serviciilor noastre. Pe parcursul anilor, am dob\u00e2ndit expertiza necesar\u0103 pentru a stabili \u0219i implementa m\u0103suri de securitate eficiente pentru orice tip de obiectiv, indiferent de domeniul de activitate.<\/div><div>\u00a0<\/div><div>Sunt Expert Evaluator de Risc la Securitate Fizic\u0103 autorizat, iar fiecare proiect este tratat cu responsabilitate, profesionalism \u0219i aten\u021bie la detalii, pentru a garanta solu\u021bii personalizate \u0219i performan\u021b\u0103 la cel mai \u00eenalt standard.<\/div><div>\u00a0<\/div><div><b>Valorile dup\u0103 care m\u0103 ghidez sunt acelea\u0219i valori care definesc compania Fu\u0219le Security:<\/b><\/div><div><b>1.\u2060 \u2060Familie, 2. Dezvoltare, 3. \u00cencredere, 4. Curaj, 5. Inova\u021bie, 6. Calitate, 7. Responsabilitate.<\/b><\/div><div><b>\u00a0<\/b><\/div><div>\u00cen special \u00een ultimii ani, m-am concentrat pe implementarea de inova\u021bii \u00een domeniul securit\u0103\u021bii, cu scopul de a reduce costurile beneficiarilor no\u0219tri \u0219i de a maximiza performan\u021ba serviciilor de paz\u0103. Obiectivul meu este clar: servicii de securitate eficiente, moderne \u0219i adaptate realit\u0103\u021bilor actuale, oferite la standarde \u00eenalte.<\/div><div>\u00a0<\/div><div>Pentru mine, securitatea nu este doar un serviciu \u2013 este o misiune asumat\u0103 cu seriozitate \u0219i dedicare fa\u021b\u0103 de fiecare familie \u0219i fiecare afacere care ne acord\u0103 \u00eencrederea sa.<\/div><\/div>\t\t\t\t\t\t<\/div>\n\t\t\t\t<\/div>\n\t\t\t\t\t<\/div>\n\t\t<\/div>\n\t\t\t\t\t<\/div>\n\t\t<\/section>\n\t\t\t\t<section class=\"elementor-section elementor-top-section elementor-element elementor-element-27e9dad elementor-section-boxed elementor-section-height-default elementor-section-height-default\" data-id=\"27e9dad\" data-element_type=\"section\">\n\t\t\t\t\t\t<div class=\"elementor-container elementor-column-gap-default\">\n\t\t\t\t\t<div class=\"elementor-column elementor-col-100 elementor-top-column elementor-element elementor-element-bf96180\" data-id=\"bf96180\" data-element_type=\"column\">\n\t\t\t<div class=\"elementor-widget-wrap\">\n\t\t\t\t\t\t\t<\/div>\n\t\t<\/div>\n\t\t\t\t\t<\/div>\n\t\t<\/section>\n\t\t\t\t<\/div>","protected":false},"excerpt":{"rendered":"<p>Fu\u0219le Florin &#8211; Director General \u00cenc\u0103 din copil\u0103rie am crescut cu viziunea companiei \u0219i cu no\u021biunea profund\u0103 a responsabilit\u0103\u021bii fa\u021b\u0103 de securitate. Tat\u0103l meu a \u00eenfiin\u021bat compania \u00een anul 1993, iar acest mediu m-a format \u0219i m-a \u00eenv\u0103\u021bat ce \u00eenseamn\u0103 seriozitatea, disciplina \u0219i grija fa\u021b\u0103 de oameni \u0219i bunurile lor. Astfel, am acumulat o experien\u021b\u0103 &hellip;<\/p>\n<p class=\"read-more\"> <a class=\"\" href=\"https:\/\/fuslesecurity.ro\/en\/despre-noi\/\"> <span class=\"screen-reader-text\">Despre noi<\/span> Read More &raquo;<\/a><\/p>","protected":false},"author":1,"featured_media":0,"parent":0,"menu_order":0,"comment_status":"closed","ping_status":"closed","template":"","meta":{"site-sidebar-layout":"no-sidebar","site-content-layout":"page-builder","ast-site-content-layout":"full-width-container","site-content-style":"default","site-sidebar-style":"default","ast-global-header-display":"","ast-banner-title-visibility":"","ast-main-header-display":"","ast-hfb-above-header-display":"","ast-hfb-below-header-display":"","ast-hfb-mobile-header-display":"","site-post-title":"disabled","ast-breadcrumbs-content":"","ast-featured-img":"disabled","footer-sml-layout":"","theme-transparent-header-meta":"","adv-header-id-meta":"","stick-header-meta":"","header-above-stick-meta":"","header-main-stick-meta":"","header-below-stick-meta":"","astra-migrate-meta-layouts":"set","ast-page-background-enabled":"default","ast-page-background-meta":{"desktop":{"background-color":"","background-image":"","background-repeat":"repeat","background-position":"center center","background-size":"auto","background-attachment":"scroll","background-type":"","background-media":"","overlay-type":"","overlay-color":"","overlay-gradient":""},"tablet":{"background-color":"","background-image":"","background-repeat":"repeat","background-position":"center center","background-size":"auto","background-attachment":"scroll","background-type":"","background-media":"","overlay-type":"","overlay-color":"","overlay-gradient":""},"mobile":{"background-color":"","background-image":"","background-repeat":"repeat","background-position":"center center","background-size":"auto","background-attachment":"scroll","background-type":"","background-media":"","overlay-type":"","overlay-color":"","overlay-gradient":""}},"ast-content-background-meta":{"desktop":{"background-color":"var(--ast-global-color-5)","background-image":"","background-repeat":"repeat","background-position":"center center","background-size":"auto","background-attachment":"scroll","background-type":"","background-media":"","overlay-type":"","overlay-color":"","overlay-gradient":""},"tablet":{"background-color":"var(--ast-global-color-5)","background-image":"","background-repeat":"repeat","background-position":"center center","background-size":"auto","background-attachment":"scroll","background-type":"","background-media":"","overlay-type":"","overlay-color":"","overlay-gradient":""},"mobile":{"background-color":"var(--ast-global-color-5)","background-image":"","background-repeat":"repeat","background-position":"center center","background-size":"auto","background-attachment":"scroll","background-type":"","background-media":"","overlay-type":"","overlay-color":"","overlay-gradient":""}},"footnotes":""},"class_list":["post-1584","page","type-page","status-publish","hentry"],"_links":{"self":[{"href":"https:\/\/fuslesecurity.ro\/en\/wp-json\/wp\/v2\/pages\/1584","targetHints":{"allow":["GET"]}}],"collection":[{"href":"https:\/\/fuslesecurity.ro\/en\/wp-json\/wp\/v2\/pages"}],"about":[{"href":"https:\/\/fuslesecurity.ro\/en\/wp-json\/wp\/v2\/types\/page"}],"author":[{"embeddable":true,"href":"https:\/\/fuslesecurity.ro\/en\/wp-json\/wp\/v2\/users\/1"}],"replies":[{"embeddable":true,"href":"https:\/\/fuslesecurity.ro\/en\/wp-json\/wp\/v2\/comments?post=1584"}],"version-history":[{"count":25,"href":"https:\/\/fuslesecurity.ro\/en\/wp-json\/wp\/v2\/pages\/1584\/revisions"}],"predecessor-version":[{"id":1632,"href":"https:\/\/fuslesecurity.ro\/en\/wp-json\/wp\/v2\/pages\/1584\/revisions\/1632"}],"wp:attachment":[{"href":"https:\/\/fuslesecurity.ro\/en\/wp-json\/wp\/v2\/media?parent=1584"}],"curies":[{"name":"wp","href":"https:\/\/api.w.org\/{rel}","templated":true}]}}