{"id":1260,"date":"2022-10-17T10:14:09","date_gmt":"2022-10-17T10:14:09","guid":{"rendered":"https:\/\/fuslesecurity.ro\/?page_id=1260"},"modified":"2022-10-17T10:14:09","modified_gmt":"2022-10-17T10:14:09","slug":"politica-de-confidentialitate","status":"publish","type":"page","link":"https:\/\/fuslesecurity.ro\/en\/politica-de-confidentialitate\/","title":{"rendered":"Politica De Confidentialitate"},"content":{"rendered":"<p>Fusle Security<br>https:\/\/fuslesecurity.ro<\/p>\n\n\n\n<p>Confiden\u021bialitatea datelor dumneavoastr\u0103 cu caracter personal reprezint\u0103 una dintre preocup\u0103rile principale ale SC FU\u015eLE SECURITY SRL, cu Sediu social: Strada Ceahl\u0103ului, Satu Mare 440043, \u00een conformitate cu dispozi\u021biile de securitate a prelucr\u0103rilor de date cu caracter personal indicate \u00een Regulamentul nr. 679\/2016 privind protec\u021bia persoanelor fizice \u00een ceea ce prive\u0219te prelucrarea datelor cu caracter personal \u0219i privind libera circula\u021bie a acestor date (denumit \u00een continuare \u201cGDPR\u201d).<\/p>\n\n\n\n<p>At\u00e2t la momentul stabilirii mijloacelor de prelucrare, c\u00e2t \u0219i \u00een timpul prelucr\u0103rii \u00een sine, SC FU\u015eLE SECURITY SRL pune \u00een aplicare m\u0103suri tehnice \u0219i organizatorice adecvate pentru a garanta \u0219i a fi \u00een m\u0103sur\u0103 s\u0103 demonstreze c\u0103 prelucrarea se efectueaz\u0103 cu respectarea prevederilor legale aplicabile.<\/p>\n\n\n\n<p>SC FU\u015eLE SECURITY SRL ia toate m\u0103surile necesare pentru a se asigura c\u0103, \u00een mod implicit, sunt prelucrate doar date cu caracter personal strict necesare pentru fiecare scop specific al prelucr\u0103rii.<\/p>\n\n\n\n<p>Date cu caracter personal \u00eenseamn\u0103 orice informa\u021bii privind o persoan\u0103 fizic\u0103 identificat\u0103 sau identificabil\u0103 (\u201epersoana vizat\u0103\u201d); o persoan\u0103 fizic\u0103 identificabil\u0103 este o persoan\u0103 care poate fi identificat\u0103, direct sau indirect, \u00een special prin referire la un element de identificare, cum ar fi un nume, un num\u0103r de identificare, date de localizare, un identificator online, sau la unul sau mai multe elemente specifice, proprii identit\u0103\u021bii sale fizice, fiziologice, genetice, psihice, economice, culturale sau sociale.<\/p>\n\n\n\n<p>DESCRIERE<br>Politica noastr\u0103 de prelucrare a datelor cu caracter personal descrie modalitatea \u00een care vom colecta \u0219i procesa datele cu caracter personal ale clien\u021bilor, ale partenerilor de afaceri, poten\u021bialilor clien\u021bi, poten\u021bialilor angaja\u021bi, poten\u021bialilor colaboratori \u0219i se aplic\u0103 tuturor datelor cu caracter personal colectate pe site-ul nostru,https:\/\/fuslesecurity.ro, precum \u0219i tuturor datelor cu caracter personal pe care le colect\u0103m prin intermediul e-mailului sau prin orice alt\u0103 cale de comunicare prin intermediul c\u0103reia se vor procesa aceste date.<br>De asemenea, putem colecta informa\u021bii cu privire la preferin\u021bele dumneavoastr\u0103 prin utilizarea site-ului sus-men\u021bionat, atunci c\u00e2nd solicita\u021bi informa\u021bii de la noi sau ne angaj\u0103m serviciile ca rezultat al rela\u021biei pe care o ave\u021bi cu noi.<br>PRINCIPII GDPR<br>Ori de c\u00e2te ori vom prelucra date cu caracter personal vom \u021bine cont de urm\u0103toarele principii:<br>LEGALITATE, ECHITATE \u0218I TRANSPAREN\u021a\u0102 \u2013 datele dvs. cu caracter personal vor fi prelucrate \u201d\u00een mod legal, echitabil \u0219i transparent\u201d;<br>LIMIT\u0102RI LEGATE DE SCOP \u2013 datele dvs. vor fi colectate \u00een scopuri bine determinate, explicite \u0219i legitime, iar prelucr\u0103rile ulterioare ale datelor respective nu se vor abate de la aceste scopuri;<br>REDUCEREA LA MINIMUM A DATELOR \u2013 orice colectare de date personale va fi foarte bine analizat\u0103 \u00eenainte solicitarea efectiv\u0103 a datelor pe care urmeaz\u0103 s\u0103 le prelucr\u0103m, care vor fi relevante \u0219i strict limitate la ceea ce este absolut necesar pentru scopurile \u00een care sunt prelucrate;<br>EXACTITATEA INFORMA\u021aIILOR \u2013 operatorii trebuie s\u0103 ia toate m\u0103surile pentru a asigura validitatea datelor, iar cele dovedite inexacte trebuie actualizate f\u0103r\u0103 \u00eent\u00e2rziere sau \u0219terse<br>LIMITAREA STOC\u0102RII \u2013 datele trebuie p\u0103strate exclusiv pentru perioada pentru care sunt necesare prelucr\u0103rii asumate. Perioadele mai lungi de stocare reprezint\u0103 excep\u021bii asociate cu activit\u0103\u021bi publice de arhivare, cercetare sau statistic\u0103, care se pot desf\u0103\u0219ura \u00een anumite condi\u021bii;<br>INTEGRITATE \u0218I CONFIDEN\u021aIALITATE \u2013 prelucrarea datelor personale trebuie f\u0103cut\u0103 \u00een condi\u021bii de siguran\u021ba, care s\u0103 includ\u0103 \u201dprotec\u021bia \u00eempotriva prelucr\u0103rii neautorizate sau ilegale \u0219i \u00eempotriva pierderii, a distrugerii sau a deterior\u0103rii accidentale, prin luarea de m\u0103suri tehnice sau organizatorice corespunz\u0103toare\u201d.<\/p>\n\n\n\n<p>DREPTURI<br>SC FU\u015eLE SECURITY SRL asigur\u0103 respectarea drepturilor conferite persoanelor vizate \u00een temeiul GDPR, printre care:<br>DREPTUL DE ACCES \u2013 v\u0103 permite ob\u021binerea detaliilor relevante prelucr\u0103rii datelor cu caracter personal;<br>DREPTUL LA RECTIFICARE \u2013 v\u0103 permite rectificarea datelor dvs. personale, dac\u0103 acestea au fost incorect prelucrate;<br>DREPTUL DE A FI UITAT \u2013 v\u0103 permite \u0219tergerea datelor dvs. cu caracter personal \u00een anumite cazuri (de exemplu, dac\u0103 datele nu mai sunt necesare \u00een leg\u0103tur\u0103 cu scopurile pentru care au fost colectate);<br>DREPTUL LA RESTRIC\u021aIONAREA DATELOR PRELUCRATE \u2013 v\u0103 permite ob\u021binerea restric\u021bion\u0103rii proces\u0103rii datelor dvs. personale \u00een anumite cazuri (de exemplu, atunci c\u00e2nd contesta\u021bi exactitatea datelor dvs. personale, pentru o perioad\u0103 care s\u0103 ne permit\u0103 s\u0103 verific\u0103m o astfel de exactitate);<br>DREPTUL DE A OBIECTA \u2013 v\u0103 permite s\u0103 v\u0103 opune\u021bi prelucr\u0103rii \u00een continuare a datelor dvs. personale \u00een condi\u021biile \u0219i limitele stabilite de lege;<br>DREPTUL LA PORTABILITATEA DATELOR \u2013 v\u0103 permite s\u0103 primi\u021bi datele personale referitoare la dvs. pe care ni le-a\u021bi furnizat, \u00eentr-un format structurat, utilizat \u00een format electronic sau s\u0103 transmite\u021bi aceste date altui operator de date.<\/p>\n\n\n\n<p>PRELUCRARE<br>4.1 SCOPURILE \u0218I PRELUCRAREA DATELOR CU CARACTER PERSONAL \u00ceN BAZA CONSIM\u021a\u0102M\u00c2NTULUI OB\u021aINUT<br>SC FU\u015eLE SECURITY SRL va prelucra datele dvs. \u00een mod legal, echitabil \u0219i transparent; scopurile \u00een care urmeaz\u0103 s\u0103 folosim aceste date fiind bine determinate, mai exact \u00een vederea preg\u0103tirii si oferirii serviciilor pe care le solicita\u021bi de la noi.<br>Printre altele, datele dvs. vor fi prelucrate \u00een vederea comunic\u0103rii prin e-mail, coresponden\u021b\u0103, telefonic, video sau prin orice alt mijloc de comunicare prin care se vor transmite r\u0103spunsurile la solicit\u0103rile dvs. din cadrul colabor\u0103rii sau poten\u021bialei colabor\u0103ri cu SC FU\u015eLE SECURITY SRL. \u00cen acest caz prelucrarea datelor cu caracter personal va avea la baz\u0103 interesul legitim \u00een vederea oferirii serviciilor noastre \u00een func\u021bie de aria de practic\u0103 sau rela\u021bia contractual\u0103.<br>Categoriile de date prelucrate \u00een acest context sunt, \u00een general, numele, prenumele, adresa de e-mail, telefonul, faxul, adresa, datele de identificare, precum \u0219i alte date cu caracter personal furnizate c\u0103tre SC FU\u015eLE SECURITY SRL, de obicei de dvs., \u00een vederea \u00eendeplinirii scopurilor sus-men\u021bionate.<br>SC FU\u015eLE SECURITY SRL v\u0103 solicit\u0103 furnizarea tuturor categoriilor de date cu caracter personal, exclusiv \u00een scopurile sus- men\u021bionate, \u00een vederea desf\u0103\u0219ur\u0103rii activit\u0103\u021bii noastre curente \u0219i \u00een vederea prest\u0103rii serviciilor noastre.<br>4.2 DEZV\u0102LUIREA DATELOR CU CARACTER PERSONAL<br>Ca regul\u0103 datele dvs. personale nu vor fi dezv\u0103luite unor ter\u021be p\u0103r\u021bi.<\/p>\n\n\n\n<p>4.3 DURATA STOC\u0102RII DATELOR CU CARACTER PERSONAL<br>Datele dvs. personale vor fi vor fi p\u0103strate at\u00e2t timp c\u00e2t este necesar pentru atingerea scopului prelucr\u0103rii acestora.<\/p>\n\n\n\n<p>DIVERSE<br>Aceast\u0103 politic\u0103 de confiden\u021bialitate este \u00een vigoare la data de 17 Octombrie 2022.<br>Aceast\u0103 politic\u0103 de confiden\u021bialitate poate fi actualizat\u0103 din c\u00e2nd \u00een c\u00e2nd. \u00cen ziua \u00een care va fi efectuat\u0103 actualizarea, pe site-ul https:\/\/fuslesecurity.ro va ap\u0103rea o fereastr\u0103 de pop-up care va con\u021bine link-ul ce va trimite c\u0103tre modific\u0103rile politicii de prelucrare a datelor SC FU\u015eLE SECURITY SRL.<br>De asemenea, v\u0103 inform\u0103m ca ave\u021bi dreptul de a \u00eenainta o pl\u00e2ngere c\u0103tre Autoritate Na\u021bional\u0103 de Supraveghere a Protec\u021biei Datelor din Rom\u00e2nia, \u00een cazul \u00een care considera\u021bi c\u0103 prelucrarea datelor dvs. cu caracter personal \u00eencalc\u0103 legile aplicabile.<\/p>","protected":false},"excerpt":{"rendered":"<p>Fusle Securityhttps:\/\/fuslesecurity.ro Confiden\u021bialitatea datelor dumneavoastr\u0103 cu caracter personal reprezint\u0103 una dintre preocup\u0103rile principale ale SC FU\u015eLE SECURITY SRL, cu Sediu social: Strada Ceahl\u0103ului, Satu Mare 440043, \u00een conformitate cu dispozi\u021biile de securitate a prelucr\u0103rilor de date cu caracter personal indicate \u00een Regulamentul nr. 679\/2016 privind protec\u021bia persoanelor fizice \u00een ceea ce prive\u0219te prelucrarea datelor cu &hellip;<\/p>\n<p class=\"read-more\"> <a class=\"\" href=\"https:\/\/fuslesecurity.ro\/en\/politica-de-confidentialitate\/\"> <span class=\"screen-reader-text\">Politica De Confidentialitate<\/span> Read More &raquo;<\/a><\/p>","protected":false},"author":1,"featured_media":0,"parent":0,"menu_order":0,"comment_status":"closed","ping_status":"closed","template":"","meta":{"site-sidebar-layout":"default","site-content-layout":"","ast-site-content-layout":"","site-content-style":"default","site-sidebar-style":"default","ast-global-header-display":"","ast-banner-title-visibility":"","ast-main-header-display":"","ast-hfb-above-header-display":"","ast-hfb-below-header-display":"","ast-hfb-mobile-header-display":"","site-post-title":"","ast-breadcrumbs-content":"","ast-featured-img":"","footer-sml-layout":"","theme-transparent-header-meta":"","adv-header-id-meta":"","stick-header-meta":"","header-above-stick-meta":"","header-main-stick-meta":"","header-below-stick-meta":"","astra-migrate-meta-layouts":"","ast-page-background-enabled":"default","ast-page-background-meta":{"desktop":{"background-color":"","background-image":"","background-repeat":"repeat","background-position":"center center","background-size":"auto","background-attachment":"scroll","background-type":"","background-media":"","overlay-type":"","overlay-color":"","overlay-gradient":""},"tablet":{"background-color":"","background-image":"","background-repeat":"repeat","background-position":"center center","background-size":"auto","background-attachment":"scroll","background-type":"","background-media":"","overlay-type":"","overlay-color":"","overlay-gradient":""},"mobile":{"background-color":"","background-image":"","background-repeat":"repeat","background-position":"center center","background-size":"auto","background-attachment":"scroll","background-type":"","background-media":"","overlay-type":"","overlay-color":"","overlay-gradient":""}},"ast-content-background-meta":{"desktop":{"background-color":"var(--ast-global-color-5)","background-image":"","background-repeat":"repeat","background-position":"center center","background-size":"auto","background-attachment":"scroll","background-type":"","background-media":"","overlay-type":"","overlay-color":"","overlay-gradient":""},"tablet":{"background-color":"var(--ast-global-color-5)","background-image":"","background-repeat":"repeat","background-position":"center center","background-size":"auto","background-attachment":"scroll","background-type":"","background-media":"","overlay-type":"","overlay-color":"","overlay-gradient":""},"mobile":{"background-color":"var(--ast-global-color-5)","background-image":"","background-repeat":"repeat","background-position":"center center","background-size":"auto","background-attachment":"scroll","background-type":"","background-media":"","overlay-type":"","overlay-color":"","overlay-gradient":""}},"footnotes":""},"class_list":["post-1260","page","type-page","status-publish","hentry"],"_links":{"self":[{"href":"https:\/\/fuslesecurity.ro\/en\/wp-json\/wp\/v2\/pages\/1260","targetHints":{"allow":["GET"]}}],"collection":[{"href":"https:\/\/fuslesecurity.ro\/en\/wp-json\/wp\/v2\/pages"}],"about":[{"href":"https:\/\/fuslesecurity.ro\/en\/wp-json\/wp\/v2\/types\/page"}],"author":[{"embeddable":true,"href":"https:\/\/fuslesecurity.ro\/en\/wp-json\/wp\/v2\/users\/1"}],"replies":[{"embeddable":true,"href":"https:\/\/fuslesecurity.ro\/en\/wp-json\/wp\/v2\/comments?post=1260"}],"version-history":[{"count":1,"href":"https:\/\/fuslesecurity.ro\/en\/wp-json\/wp\/v2\/pages\/1260\/revisions"}],"predecessor-version":[{"id":1261,"href":"https:\/\/fuslesecurity.ro\/en\/wp-json\/wp\/v2\/pages\/1260\/revisions\/1261"}],"wp:attachment":[{"href":"https:\/\/fuslesecurity.ro\/en\/wp-json\/wp\/v2\/media?parent=1260"}],"curies":[{"name":"wp","href":"https:\/\/api.w.org\/{rel}","templated":true}]}}